{"id":71,"date":"2018-06-14T23:04:27","date_gmt":"2018-06-14T22:04:27","guid":{"rendered":"http:\/\/www.nuestrasenoradelapaz.com\/?page_id=71"},"modified":"2018-06-18T17:02:17","modified_gmt":"2018-06-18T16:02:17","slug":"historia","status":"publish","type":"page","link":"http:\/\/www.nuestrasenoradelapaz.com\/?page_id=71","title":{"rendered":"Historia del Coro"},"content":{"rendered":"<p>El coro de la Hdad. de Ntra. Sra. de la Paz comienza su andadura \u00a0en torno al a\u00f1o 1972 Interviniendo \u00fanicamente en las novenas que hasta entonces no contaban con coro alguno.<\/p>\n<p>Posteriormente al crearse las canciones de La Misa de la Paz por Juli\u00e1n y Jos\u00e9 M\u00aa Baena se les encomend\u00f3 su interpretaci\u00f3n durante las liturgias de las fiestas y la primera grabaci\u00f3n en cassette de la Misa de la Paz, la cual contribuyo enormemente a su popularizaci\u00f3n y extraordinaria acogida. A lo largo de estos a\u00f1os se ha acrecentado el n\u00famero de sus componentes y las intervenciones dentro de las celebraciones en torno a la Patrona, formando parte esencial en \u00a0todos los actos de relevancia.<\/p>\n<p>De esta manera intervienen en todos los actos lit\u00fargicos y en los conciertos con motivo de la presentaci\u00f3n de las fiestas y del premio a la Paz y valores humanos. Han interpretado y cantado en 7 obras musicales, as\u00ed como en 3 obras de teatro. As\u00ed mismo han puesto en escena junto a la orquesta Windows Band, cuatro espect\u00e1culos musicales con motivo de la celebraci\u00f3n de la coronaci\u00f3n de la Virgen contando siempre con una gran cantidad de fieles seguidores que suponen su mejor est\u00edmulo para continuar su labor.<\/p>\n<p>Dirige el coro desde hace m\u00e1s de cuarenta a\u00f1os su creador, Vicente Aroca Sanz quien \u00a0por iniciativa de Juli\u00e1n Baena se encarga tambi\u00e9n de crear y dirigir la orquesta de la Fundaci\u00f3n veinticuatro de enero que viene interviniendo junto al coro desde el a\u00f1o 2007.<\/p>\n","protected":false},"excerpt":{"rendered":"<p>El coro de la Hdad. de Ntra. Sra. de la Paz comienza su andadura \u00a0en torno al a\u00f1o 1972 Interviniendo \u00fanicamente en las novenas que hasta entonces no contaban con&hellip;<a href=\"http:\/\/www.nuestrasenoradelapaz.com\/?page_id=71\" class=\"more-link\"><span class=\"more-button\">Continue reading<span class=\"screen-reader-text\">Historia del Coro<\/span><\/span><\/a><\/p>\n","protected":false},"author":1,"featured_media":0,"parent":0,"menu_order":0,"comment_status":"closed","ping_status":"closed","template":"","meta":[],"_links":{"self":[{"href":"http:\/\/www.nuestrasenoradelapaz.com\/index.php?rest_route=\/wp\/v2\/pages\/71"}],"collection":[{"href":"http:\/\/www.nuestrasenoradelapaz.com\/index.php?rest_route=\/wp\/v2\/pages"}],"about":[{"href":"http:\/\/www.nuestrasenoradelapaz.com\/index.php?rest_route=\/wp\/v2\/types\/page"}],"author":[{"embeddable":true,"href":"http:\/\/www.nuestrasenoradelapaz.com\/index.php?rest_route=\/wp\/v2\/users\/1"}],"replies":[{"embeddable":true,"href":"http:\/\/www.nuestrasenoradelapaz.com\/index.php?rest_route=%2Fwp%2Fv2%2Fcomments&post=71"}],"version-history":[{"count":2,"href":"http:\/\/www.nuestrasenoradelapaz.com\/index.php?rest_route=\/wp\/v2\/pages\/71\/revisions"}],"predecessor-version":[{"id":240,"href":"http:\/\/www.nuestrasenoradelapaz.com\/index.php?rest_route=\/wp\/v2\/pages\/71\/revisions\/240"}],"wp:attachment":[{"href":"http:\/\/www.nuestrasenoradelapaz.com\/index.php?rest_route=%2Fwp%2Fv2%2Fmedia&parent=71"}],"curies":[{"name":"wp","href":"https:\/\/api.w.org\/{rel}","templated":true}]}}