{"id":65,"date":"2018-06-14T23:03:30","date_gmt":"2018-06-14T22:03:30","guid":{"rendered":"http:\/\/www.nuestrasenoradelapaz.com\/?page_id=65"},"modified":"2022-01-12T13:38:55","modified_gmt":"2022-01-12T12:38:55","slug":"26-de-enero","status":"publish","type":"page","link":"http:\/\/www.nuestrasenoradelapaz.com\/?page_id=65","title":{"rendered":"26 de Enero"},"content":{"rendered":"<h1 style=\"text-align: center;\">D\u00cdA DE HONRAS<\/h1>\n<p>A las<span style=\"color: #ff0000;\"> 9:00<\/span> horas: Misa de Comuni\u00f3n.<\/p>\n<p>A las <span style=\"color: #ff0000;\">12:00<\/span> horas: SOLEMNE MISA por todos los priostes difuntos. Oficiar\u00e1 el padre <span style=\"color: #3366ff;\">Don ENRIQUE MAZARIO ZUBI\u00d1AS<\/span>, vicario parroquial de San Pedro Ap\u00f3stol y la homil\u00eda correr\u00e1 a cargo de Rvdo Padre D.<span style=\"color: #3366ff;\"> JAVIER SANCHEZ-CERVERA DE LOS SANTOS<span style=\"color: #808080;\">, p\u00e1rroco de la Iglesia de San Sebati\u00e1n M\u00e1rtir de S.S. de los Reyes<\/span><span style=\"color: #000000;\">. <span style=\"color: #808080;\">Ser\u00e1 ofrecida por la <span style=\"color: #3366ff;\">familia Baena Aguado<\/span>.<\/span><\/span><\/span><\/p>\n<p>La Capilla Musical actuar\u00e1 por \u00faltimo d\u00eda y estar\u00e1 dirigida, como en d\u00edas anteriores, por el maestro <span style=\"color: #3366ff;\">D. Vicente Aroca<\/span>.<\/p>\n<p>A las <span style=\"color: #ff0000;\">14:30<\/span> horas COMIDA DE HERMANDAD en Restaurante \u00ab<span style=\"color: #3366ff;\">SALONES MILY<\/span>\u00ab.<\/p>\n<h2 style=\"text-align: center;\">Concierto para la PAZ<\/h2>\n<p style=\"text-align: center;\">Lugar : Teatro Auditorio Ciudad de Alcobendas.<\/p>\n<p style=\"text-align: center;\">A las<span style=\"color: #ff0000;\"> 19:00<\/span> horas.<\/p>\n<p style=\"text-align: center;\"><em>PRIMERA PARTE:<\/em><\/p>\n<p style=\"text-align: center;\"><span style=\"color: #3366ff;\">CORO DE LA HERMANDAD DE NTRA SRA DE LA PAZ de ALCOBENDAS<\/span> dirigida por el maestro <span style=\"color: #3366ff;\">D. VICENTE AROCA<\/span>.<\/p>\n<p style=\"text-align: center;\">Entrega del <span style=\"color: #3366ff;\">XXIX<\/span> Premio de la Paz a los Valores Humanos, a la Polic\u00eda Nacional de la comisar\u00eda de Alcobendas, a la Polic\u00eda Local de Alcobendas, a la Argrupaci\u00f3n de Protecci\u00f3n Civil de Alcobendas y al Hospital Infanta Sof\u00eda de S.S. de lo Reyes.<\/p>\n<p style=\"text-align: center;\"><em>SEGUNDA PARTE:<\/em><\/p>\n<h3 style=\"text-align: center;\"><span style=\"color: #3366ff;\">BERT\u00cdN OSBORNE.<br \/>\n<\/span><\/h3>\n","protected":false},"excerpt":{"rendered":"<p>D\u00cdA DE HONRAS A las 9:00 horas: Misa de Comuni\u00f3n. A las 12:00 horas: SOLEMNE MISA por todos los priostes difuntos. Oficiar\u00e1 el padre Don ENRIQUE MAZARIO ZUBI\u00d1AS, vicario parroquial&hellip;<a href=\"http:\/\/www.nuestrasenoradelapaz.com\/?page_id=65\" class=\"more-link\"><span class=\"more-button\">Continue reading<span class=\"screen-reader-text\">26 de Enero<\/span><\/span><\/a><\/p>\n","protected":false},"author":1,"featured_media":0,"parent":0,"menu_order":0,"comment_status":"closed","ping_status":"closed","template":"","meta":[],"_links":{"self":[{"href":"http:\/\/www.nuestrasenoradelapaz.com\/index.php?rest_route=\/wp\/v2\/pages\/65"}],"collection":[{"href":"http:\/\/www.nuestrasenoradelapaz.com\/index.php?rest_route=\/wp\/v2\/pages"}],"about":[{"href":"http:\/\/www.nuestrasenoradelapaz.com\/index.php?rest_route=\/wp\/v2\/types\/page"}],"author":[{"embeddable":true,"href":"http:\/\/www.nuestrasenoradelapaz.com\/index.php?rest_route=\/wp\/v2\/users\/1"}],"replies":[{"embeddable":true,"href":"http:\/\/www.nuestrasenoradelapaz.com\/index.php?rest_route=%2Fwp%2Fv2%2Fcomments&post=65"}],"version-history":[{"count":7,"href":"http:\/\/www.nuestrasenoradelapaz.com\/index.php?rest_route=\/wp\/v2\/pages\/65\/revisions"}],"predecessor-version":[{"id":1168,"href":"http:\/\/www.nuestrasenoradelapaz.com\/index.php?rest_route=\/wp\/v2\/pages\/65\/revisions\/1168"}],"wp:attachment":[{"href":"http:\/\/www.nuestrasenoradelapaz.com\/index.php?rest_route=%2Fwp%2Fv2%2Fmedia&parent=65"}],"curies":[{"name":"wp","href":"https:\/\/api.w.org\/{rel}","templated":true}]}}