{"id":57,"date":"2018-06-14T23:02:24","date_gmt":"2018-06-14T22:02:24","guid":{"rendered":"http:\/\/www.nuestrasenoradelapaz.com\/?page_id=57"},"modified":"2022-01-12T13:15:15","modified_gmt":"2022-01-12T12:15:15","slug":"novenario","status":"publish","type":"page","link":"http:\/\/www.nuestrasenoradelapaz.com\/?page_id=57","title":{"rendered":"Novenario"},"content":{"rendered":"<h1 style=\"text-align: center;\">NOVENARIO A NTRA. SRA. DE LA PAZ<\/h1>\n<p>Del <span style=\"color: #3366ff;\">14<\/span> al <span style=\"color: #3366ff;\">22<\/span> de enero se celebrar\u00e1 la solemne NOVENA en honor de Nuestra Se\u00f1ora \u00a0de la Paz.<\/p>\n<p>A las <span style=\"color: #ff0000;\">19:00<\/span> horas : Eucarist\u00eda y Santo Rosario.<\/p>\n<p>A las<span style=\"color: #ff0000;\"> 20:00<\/span> horas : Novena en honor de nuestra Patrona, exposici\u00f3n del \u00a0Sant\u00edsimo e incensaci\u00f3n de la Sant\u00edsima Virgen.<\/p>\n<p>Durante el novenario actuar\u00e1n la Orquesta de C\u00e1mara de la Fundaci\u00f3n 24 de Enero y el Coro de la Hermandad de Ntra. Sra. de la Paz, dirigidos por <span style=\"color: #3366ff;\">D. Vicente Aroca Sanz<\/span><\/p>\n","protected":false},"excerpt":{"rendered":"<p>NOVENARIO A NTRA. SRA. DE LA PAZ Del 14 al 22 de enero se celebrar\u00e1 la solemne NOVENA en honor de Nuestra Se\u00f1ora \u00a0de la Paz. A las 19:00 horas&hellip;<a href=\"http:\/\/www.nuestrasenoradelapaz.com\/?page_id=57\" class=\"more-link\"><span class=\"more-button\">Continue reading<span class=\"screen-reader-text\">Novenario<\/span><\/span><\/a><\/p>\n","protected":false},"author":1,"featured_media":0,"parent":0,"menu_order":0,"comment_status":"closed","ping_status":"closed","template":"","meta":[],"_links":{"self":[{"href":"http:\/\/www.nuestrasenoradelapaz.com\/index.php?rest_route=\/wp\/v2\/pages\/57"}],"collection":[{"href":"http:\/\/www.nuestrasenoradelapaz.com\/index.php?rest_route=\/wp\/v2\/pages"}],"about":[{"href":"http:\/\/www.nuestrasenoradelapaz.com\/index.php?rest_route=\/wp\/v2\/types\/page"}],"author":[{"embeddable":true,"href":"http:\/\/www.nuestrasenoradelapaz.com\/index.php?rest_route=\/wp\/v2\/users\/1"}],"replies":[{"embeddable":true,"href":"http:\/\/www.nuestrasenoradelapaz.com\/index.php?rest_route=%2Fwp%2Fv2%2Fcomments&post=57"}],"version-history":[{"count":4,"href":"http:\/\/www.nuestrasenoradelapaz.com\/index.php?rest_route=\/wp\/v2\/pages\/57\/revisions"}],"predecessor-version":[{"id":1161,"href":"http:\/\/www.nuestrasenoradelapaz.com\/index.php?rest_route=\/wp\/v2\/pages\/57\/revisions\/1161"}],"wp:attachment":[{"href":"http:\/\/www.nuestrasenoradelapaz.com\/index.php?rest_route=%2Fwp%2Fv2%2Fmedia&parent=57"}],"curies":[{"name":"wp","href":"https:\/\/api.w.org\/{rel}","templated":true}]}}