{"id":53,"date":"2018-06-14T23:01:39","date_gmt":"2018-06-14T22:01:39","guid":{"rendered":"http:\/\/www.nuestrasenoradelapaz.com\/?page_id=53"},"modified":"2018-06-20T18:17:36","modified_gmt":"2018-06-20T17:17:36","slug":"milagro-de-la-virgen","status":"publish","type":"page","link":"http:\/\/www.nuestrasenoradelapaz.com\/?page_id=53","title":{"rendered":"El Milagro"},"content":{"rendered":"<h2 style=\"text-align: center;\"><em>EL MILAGRO DE LA MULTIPLICACION DEL VINO<\/em><\/h2>\n<hr \/>\n<p>En pleno siglo XVII una milagrosa multiplicaci\u00f3n del vino de una peque\u00f1a tinaja obrada el d\u00eda 25 de Enero de 1677, en plenas fiestas de Nuestra Se\u00f1ora de la Paz, vino a conmover la tranquila vida de la villa de Alcobendas. Tuvo lugar tan portentoso suceso en casa de Juan Perdiguero Pe\u00f1alosa, vecino de Alcobendas y prioste encargado de la realizaci\u00f3n de las fiestas de dicho a\u00f1o. La tinaja milagrosa se conserva en la ermita de Ntra. Sra. de la Paz, e igualmente se mantiene en pie la casa donde se produjo el milagro, sita en la actual calle de Pablo Picasso n\u00ba 22, donde una placa colocada en el a\u00f1o 1987 nos lo recuerda. Cumplida informaci\u00f3n del suceso se conserva tanto en el Archivo Municipal de Alcobendas como en el Archivo Diocesano de Madrid, donde se custodia el archivo hist\u00f3rico de la parroquial de San Pedro. Tambi\u00e9n se encuentra localizada en la Biblioteca del Palacio Real de Madrid una copia autorizada y magn\u00edficamente encuadernada de la extensa informaci\u00f3n del milagro que fuera enviada a la casa real, en 1777, a instancias de Carlos IV entonces pr\u00edncipe de Asturias.<\/p>\n<p>De esos documentos hist\u00f3ricos se transcribe la carta en la que el cura p\u00e1rroco de Alcobendas, licenciado don Domingo de Mier, daba cuenta al vicario de Madrid del portentoso suceso: \u00abDoy cuenta a V.m. c\u00f3mo habi\u00e9ndose celebrado la festividad de Nuestra Se\u00f1ora de la Paz, ermita de esta villa, ayer domingo veinte y cuatro del corriente, uno de los priostes que celebraban la fiesta para el gasto dispuso en su casa una tinajilla de vino hasta cosa de diez arrobas, y siendo as\u00ed que se gast\u00f3 la v\u00edspera y d\u00eda todo lo que fue menester, y estando por la noche \u00faltima de la fiesta con muy poco vino, que dicen habr\u00eda cosa de media arroba en ella, esta ma\u00f1ana, d\u00eda de la fecha de \u00e9sta, se hall\u00f3 la tinaja en el mismo ser que la puso el primer d\u00eda, con las diez arrobas de vino. El prioste dio noticia de que era milagro lo que hab\u00eda sucedido en su casa. Concurri\u00f3 tanta gente, as\u00ed de esta villa como de Madrid, que se continu\u00f3 por espacio de m\u00e1s de cinco o seis horas sacando vino con cuartillas, jarros, bebiendo toda la gente, que fue mucho el concurso. Me dieron cuenta de este caso y estuve m\u00e1s de dos horas viendo sacar el vino, acompa\u00f1\u00e1ndome la justicia, sacerdotes, religiosos y escribanos de esta villa, y a mi parecer se sacar\u00edan, seg\u00fan la cuenta que hubo, m\u00e1s de treinta arrobas, haciendo poco vac\u00edo la tinaja, y despu\u00e9s de tanta m\u00e1quina de vino, que ha sido en cantidad considerable, se qued\u00f3 buena parte en la tinaja. La he hecho guardar y para disponer lo que m\u00e1s convenga del servicio de Dios, honra y gloria suya.\u00bb.<\/p>\n<p>Efectuadas las oportunas averiguaciones, el Arzobispo primado de Toledo remiti\u00f3 la informaci\u00f3n obtenida a consulta de su consejo de la gobernaci\u00f3n formado por varios catedr\u00e1ticos, quienes dieron su un\u00e1nime parecer de tratarse de obra sobrenatural y milagrosa, por lo que visto el parecer de su claustro, el primado de Toledo, cardenal don Pascual de Arag\u00f3n, en fecha de 10 de Abril de 1677 aprob\u00f3 la calificaci\u00f3n del suceso como milagro, acordando \u00abdar licencia para que se publique el prodigio y milagro\u201d.\u00a0 Desde entonces se ha venido celebrando en Alcobendas, tras la festividad del 24 de Enero de Ntra. Sra. de la Paz, el siguiente d\u00eda 25 como d\u00eda del Milagro, con especiales actos en las fechas coincidentes con cada uno de los tres centenarios habidos desde entonces.<\/p>\n<p>&nbsp;<\/p>\n<hr \/>\n<p style=\"text-align: center;\">Juli\u00e1n Caballero Aguado (Historiador de la Hermandad)<\/p>\n","protected":false},"excerpt":{"rendered":"<p>EL MILAGRO DE LA MULTIPLICACION DEL VINO En pleno siglo XVII una milagrosa multiplicaci\u00f3n del vino de una peque\u00f1a tinaja obrada el d\u00eda 25 de Enero de 1677, en plenas&hellip;<a href=\"http:\/\/www.nuestrasenoradelapaz.com\/?page_id=53\" class=\"more-link\"><span class=\"more-button\">Continue reading<span class=\"screen-reader-text\">El Milagro<\/span><\/span><\/a><\/p>\n","protected":false},"author":1,"featured_media":0,"parent":0,"menu_order":0,"comment_status":"closed","ping_status":"closed","template":"","meta":[],"_links":{"self":[{"href":"http:\/\/www.nuestrasenoradelapaz.com\/index.php?rest_route=\/wp\/v2\/pages\/53"}],"collection":[{"href":"http:\/\/www.nuestrasenoradelapaz.com\/index.php?rest_route=\/wp\/v2\/pages"}],"about":[{"href":"http:\/\/www.nuestrasenoradelapaz.com\/index.php?rest_route=\/wp\/v2\/types\/page"}],"author":[{"embeddable":true,"href":"http:\/\/www.nuestrasenoradelapaz.com\/index.php?rest_route=\/wp\/v2\/users\/1"}],"replies":[{"embeddable":true,"href":"http:\/\/www.nuestrasenoradelapaz.com\/index.php?rest_route=%2Fwp%2Fv2%2Fcomments&post=53"}],"version-history":[{"count":6,"href":"http:\/\/www.nuestrasenoradelapaz.com\/index.php?rest_route=\/wp\/v2\/pages\/53\/revisions"}],"predecessor-version":[{"id":319,"href":"http:\/\/www.nuestrasenoradelapaz.com\/index.php?rest_route=\/wp\/v2\/pages\/53\/revisions\/319"}],"wp:attachment":[{"href":"http:\/\/www.nuestrasenoradelapaz.com\/index.php?rest_route=%2Fwp%2Fv2%2Fmedia&parent=53"}],"curies":[{"name":"wp","href":"https:\/\/api.w.org\/{rel}","templated":true}]}}