{"id":51,"date":"2018-06-14T23:01:12","date_gmt":"2018-06-14T22:01:12","guid":{"rendered":"http:\/\/www.nuestrasenoradelapaz.com\/?page_id=51"},"modified":"2018-06-20T18:15:41","modified_gmt":"2018-06-20T17:15:41","slug":"historia-de-la-virgen","status":"publish","type":"page","link":"http:\/\/www.nuestrasenoradelapaz.com\/?page_id=51","title":{"rendered":"Historia"},"content":{"rendered":"<h2 style=\"text-align: center;\"><em><strong>NTRA. SE\u00d1ORA DE LA PAZ<\/strong><\/em><\/h2>\n<hr \/>\n<p>El origen de la devoci\u00f3n en Alcobendas a la Virgen de la Paz no se encuentra datado, aunque existe una tradici\u00f3n oral que partir\u00eda de los tiempos de la Reconquista en que se registraron tantos hechos semejantes. Se narra que en el desaparecido aleda\u00f1o\u00a0 poblado de Fuentidue\u00f1a \u2013hoy d\u00eda el Soto de la Moraleja- una imagen de la Virgen apareci\u00f3 milagrosamente en una higuera a una pastorcilla manca que apacentaba unas ovejas. Cuenta la tradici\u00f3n que tras sanarle la mano manca la dijo que fuera a dar noticia de la aparici\u00f3n. En su recuerdo la iconograf\u00eda presenta la figura de la pastorcilla a los pies de la imagen de la Virgen sobre una higuera.<\/p>\n<p>La primitiva imagen no se conserva, pero se tiene noticia de que era sedante, de madera de tilo, con una granada en su mano, siendo su manto y t\u00fanica propios de la \u00e9poca,\u00a0 al parecer bizantina. En un libro parroquial\u00a0 del siglo XVIII se daba noticia -quiz\u00e1 algo exagerada- sobre su origen: \u00ab&#8230;cr\u00e9ese tambi\u00e9n y como tal lo refiere la tradici\u00f3n, que fue hecha por Nicodemus y pintada por San Lucas\u00bb.<\/p>\n<p>La tradici\u00f3n tambi\u00e9n nos cuenta que el madrile\u00f1o San Isidro acud\u00eda a orar ante la imagen, y que desde tiempos pret\u00e9ritos se hicieron romer\u00edas en Alcobendas y otros pueblos de la zona hasta la ermita del lugar de Fuentidue\u00f1a. Ya en el siglo XV la ermita era un enclave espiritual importante en el noreste madrile\u00f1o, y en ella predic\u00f3 San Vicente Ferrer.<\/p>\n<p>La antig\u00fcedad de la devoci\u00f3n alcobendense se atestigua en las Relaciones del rey Felipe II hechas en 1578, donde se dec\u00eda que \u201cha muchos a\u00f1os que en esta dicha villa se guardan las dichas fiestas por votos que hicieron los antiguos\u201d. Del a\u00f1o 1427 data la referencia escrita m\u00e1s antigua que se conoce, trat\u00e1ndose de una visita eclesi\u00e1stica a la ermita en la que se alude a un mayordomo de Ntra Sra. de la Paz. En 1644 el Concejo de Alcobendas nombr\u00f3 patrona de la villa a \u201csu Virgen de la Paz\u201d, en un momento en que, precisamente, tres guerras hab\u00eda en curso: Flandes, Portugal y Catalu\u00f1a.<\/p>\n<p>La Virgen ten\u00eda fama de milagrosa, pero el milagro m\u00e1s celebrado fue el que aconteci\u00f3 en 1677 en la casa de Juan Perdiguero, prioste de las fiestas de ese a\u00f1o, donde se multiplic\u00f3 el vino que se hab\u00eda consumido el d\u00eda anterior en la celebraci\u00f3n del \u201cd\u00eda de la Paz\u201d.<\/p>\n<p>En el siglo XVIII las romer\u00edas anuales se convirtieron en conflictivas al oponerse los ediles madrile\u00f1os a que acudieran los alcaldes alcobendenses con sus varas de justicia, por lo que en 1768 el arzobispado de Toledo orden\u00f3 que las celebraciones anuales del d\u00eda de la Paz tuvieran lugar en lo sucesivo en la iglesia parroquial. Suprimida la romer\u00eda, comenz\u00f3 otra tradici\u00f3n, la de los traslados de la Virgen de su ermita a la iglesia de San Pedro y viceversa. El cardenal Lorenzana lo refer\u00eda en 1786: \u201cSu fiesta se hace con magnificencia, trayendo a la imagen a esta iglesia en un carro triunfante con mucha concurrencia de toda la comarca\u201d.<\/p>\n<p>Fastuosas fueron las celebraciones llevadas a cabo con motivo del primer centenario del milagro del vino, y de ellas qued\u00f3 constancia en la Biblioteca del Palacio Real a petici\u00f3n de Carlos IV, entonces pr\u00edncipe de Asturias. Tambi\u00e9n se conservan en Palacio, en la Real Armer\u00eda, unos estandartes del siglo XVIII con la imagen de la Virgen regalados por el Ayuntamiento.<\/p>\n<p>En el siglo XIX la ermita fue objeto de la rapi\u00f1a francesa, y de la venta de objetos de valor para sufragar las guerras carlistas, y fue salvada de las desamortizaciones al haberla establecido el Ayuntamiento como capilla del cementerio que instal\u00f3 anejo a ella en el a\u00f1o 1842.<\/p>\n<p>Destruida b\u00e1rbaramente la imagen en agosto de 1936, fue sustituida en la posguerra por la imagen que actualmente conocemos, sobre la que la estima y devoci\u00f3n de los vecinos devotos de Alcobendas se mantiene como en tiempos remotos, sea cual sea su lugar de origen, profesando hacia la Patrona un efusivo fervor popular.<\/p>\n<p>El 22 de junio de 1991, la Virgen de la Paz fue coronada can\u00f3nicamente por el entonces cardenal arzobispo de Madrid don \u00c1ngel Suqu\u00eda.<\/p>\n<hr \/>\n<p style=\"text-align: center;\">Juli\u00e1n Caballero Aguado (Historiador de la Hermandad)<\/p>\n","protected":false},"excerpt":{"rendered":"<p>NTRA. SE\u00d1ORA DE LA PAZ El origen de la devoci\u00f3n en Alcobendas a la Virgen de la Paz no se encuentra datado, aunque existe una tradici\u00f3n oral que partir\u00eda de&hellip;<a href=\"http:\/\/www.nuestrasenoradelapaz.com\/?page_id=51\" class=\"more-link\"><span class=\"more-button\">Continue reading<span class=\"screen-reader-text\">Historia<\/span><\/span><\/a><\/p>\n","protected":false},"author":1,"featured_media":0,"parent":0,"menu_order":0,"comment_status":"closed","ping_status":"closed","template":"","meta":[],"_links":{"self":[{"href":"http:\/\/www.nuestrasenoradelapaz.com\/index.php?rest_route=\/wp\/v2\/pages\/51"}],"collection":[{"href":"http:\/\/www.nuestrasenoradelapaz.com\/index.php?rest_route=\/wp\/v2\/pages"}],"about":[{"href":"http:\/\/www.nuestrasenoradelapaz.com\/index.php?rest_route=\/wp\/v2\/types\/page"}],"author":[{"embeddable":true,"href":"http:\/\/www.nuestrasenoradelapaz.com\/index.php?rest_route=\/wp\/v2\/users\/1"}],"replies":[{"embeddable":true,"href":"http:\/\/www.nuestrasenoradelapaz.com\/index.php?rest_route=%2Fwp%2Fv2%2Fcomments&post=51"}],"version-history":[{"count":5,"href":"http:\/\/www.nuestrasenoradelapaz.com\/index.php?rest_route=\/wp\/v2\/pages\/51\/revisions"}],"predecessor-version":[{"id":317,"href":"http:\/\/www.nuestrasenoradelapaz.com\/index.php?rest_route=\/wp\/v2\/pages\/51\/revisions\/317"}],"wp:attachment":[{"href":"http:\/\/www.nuestrasenoradelapaz.com\/index.php?rest_route=%2Fwp%2Fv2%2Fmedia&parent=51"}],"curies":[{"name":"wp","href":"https:\/\/api.w.org\/{rel}","templated":true}]}}