{"id":469,"date":"2018-06-23T12:54:48","date_gmt":"2018-06-23T11:54:48","guid":{"rendered":"http:\/\/www.nuestrasenoradelapaz.com\/?page_id=469"},"modified":"2018-06-23T13:23:55","modified_gmt":"2018-06-23T12:23:55","slug":"politica-de-privacidad","status":"publish","type":"page","link":"http:\/\/www.nuestrasenoradelapaz.com\/?page_id=469","title":{"rendered":"Pol\u00edtica de privacidad"},"content":{"rendered":"<p style=\"text-align: center;\"><a href=\"http:\/\/www.nuestrasenoradelapaz.com\/wp-content\/uploads\/2018\/06\/POLITICA-DE-PRIVACIDAD.pdf\">POLITICA DE PRIVACIDAD<\/a> (Descargar)<\/p>\n<h2 style=\"text-align: center;\"><\/h2>\n<h3>Protecci\u00f3n de datos de car\u00e1cter personal seg\u00fan la LOPD<\/h3>\n<p>HERMANDAD NUESTRA SE\u00d1ORA DE LA PAZ, en aplicaci\u00f3n de la normativa vigente en materia de protecci\u00f3n de<br \/>\ndatos de car\u00e1cter personal, informa que los datos personales que se recogen a trav\u00e9s de los formularios del Sitio web:<br \/>\nwww.nuestrasenoradelapaz.com, se incluyen en los ficheros automatizados espec\u00edficos de usuarios de los servicios de<br \/>\nHERMANDAD NUESTRA SE\u00d1ORA DE LA PAZ<\/p>\n<p>La recogida y tratamiento automatizado de los datos de car\u00e1cter personal tiene como finalidad el mantenimiento de la<br \/>\nrelaci\u00f3n comercial y el desempe\u00f1o de tareas de informaci\u00f3n, formaci\u00f3n, asesoramiento y otras actividades propias de<br \/>\nHERMANDAD NUESTRA SE\u00d1ORA DE LA PAZ<\/p>\n<p>Estos datos \u00fanicamente ser\u00e1n cedidos a aquellas entidades que sean necesarias con el \u00fanico objetivo de dar<br \/>\ncumplimiento a la finalidad anteriormente expuesta.<\/p>\n<p>HERMANDAD NUESTRA SE\u00d1ORA DE LA PAZ adopta las medidas necesarias para garantizar la seguridad, integridad<br \/>\ny confidencialidad de los datos conforme a lo dispuesto en el Reglamento (UE) 2016\/679 del Parlamento Europeo y del<br \/>\nConsejo, de 27 de abril de 2016, relativo a la protecci\u00f3n de las personas f\u00edsicas en lo que respecta al tratamiento de<br \/>\ndatos personales y a la libre circulaci\u00f3n de los mismos.<\/p>\n<p>El usuario podr\u00e1 en cualquier momento ejercitar los derechos de acceso, oposici\u00f3n, rectificaci\u00f3n y cancelaci\u00f3n<br \/>\nreconocidos en el citado Reglamento (UE). El ejercicio de estos derechos puede realizarlo el propio usuario a trav\u00e9s de<br \/>\nemail a: hermandad@nuestrasenoradelapaz.com o en la direcci\u00f3n: C\/ Constituci\u00f3n N\u00ba3 &#8211; 1\u00baA, C.P. 28100 &#8211; Alcobendas<br \/>\n(Madrid).<\/p>\n<p>El usuario manifiesta que todos los datos facilitados por \u00e9l son ciertos y correctos, y se compromete a mantenerlos<br \/>\nactualizados, comunicando los cambios a HERMANDAD NUESTRA SE\u00d1ORA DE LA PAZ<\/p>\n<h2 style=\"text-align: center;\">Finalidad del tratamiento de los datos personales:<\/h2>\n<h3>\u00bfCon qu\u00e9 finalidad trataremos tus datos personales?<\/h3>\n<p>En HERMANDAD NUESTRA SE\u00d1ORA DE LA PAZ, trataremos tus datos personales recabados a trav\u00e9s del Sitio Web:<br \/>\nwww.nuestrasenoradelapaz.com, con las siguientes finalidades:<\/p>\n<p>1. En caso de contrataci\u00f3n de los bienes y servicios ofertados a trav\u00e9s de www.nuestrasenoradelapaz.com, para mantener la relaci\u00f3n contractual, as\u00ed como la gesti\u00f3n,<br \/>\nadministraci\u00f3n, informaci\u00f3n, prestaci\u00f3n y mejora del servicio.<br \/>\n2. Env\u00edo de informaci\u00f3n solicitada a trav\u00e9s de los formularios dispuestos en<br \/>\nwww.nuestrasenoradelapaz.com.<br \/>\n3. Remitir boletines (newsletters), as\u00ed como comunicaciones comerciales de promociones y\/o publicidad<br \/>\nde www.nuestrasenoradelapaz.com y del sector.<\/p>\n<p>Te recordamos que puedes oponerte al env\u00edo de comunicaciones comerciales por cualquier v\u00eda y en cualquier<br \/>\nmomento, remitiendo un correo electr\u00f3nico a la direcci\u00f3n indicada anteriormente.<\/p>\n<p>Los campos de dichos registros son de cumplimentaci\u00f3n obligatoria, siendo imposible realizar las finalidades<br \/>\nexpresadas si no se aportan esos datos.<\/p>\n<h3>\u00bfPor cu\u00e1nto tiempo se conservan los datos personales recabados?<\/h3>\n<p>Los datos personales proporcionados se conservar\u00e1n mientras se mantenga la relaci\u00f3n comercial o no solicites su<br \/>\nsupresi\u00f3n y durante el plazo por el cu\u00e1l pudieran derivarse responsabilidades legales por los servicios prestados.<\/p>\n<h3>Legitimaci\u00f3n:<\/h3>\n<p>El tratamiento de tus datos se realiza con las siguientes bases jur\u00eddicas que legitiman el mismo:<br \/>\n1. La solicitud de informaci\u00f3n y\/o la contrataci\u00f3n de los servicios de HERMANDAD NUESTRA SE\u00d1ORA<br \/>\nDE LA PAZ, cuyos t\u00e9rminos y condiciones se pondr\u00e1n a tu disposici\u00f3n en todo caso, de forma previa a<br \/>\nuna eventual contrataci\u00f3n.<br \/>\n2. El consentimiento libre, espec\u00edfico, informado e inequ\u00edvoco, en tanto que te informamos poniendo a tu<br \/>\ndisposici\u00f3n la presente pol\u00edtica de privacidad, que tras la lectura de la misma, en caso de estar<br \/>\nconforme, puedes aceptar mediante una declaraci\u00f3n o una clara acci\u00f3n afirmativa, como el marcado<br \/>\nde una casilla dispuesta al efecto.<\/p>\n<p>En caso de que no nos facilites tus datos o lo hagas de forma err\u00f3nea o incompleta, no podremos atender tu solicitud,<br \/>\nresultando del todo imposible proporcionarte la informaci\u00f3n solicitada o llevar a cabo la contrataci\u00f3n de los servicios.<\/p>\n<h3>Destinatarios:<\/h3>\n<p>Los datos no se comunicar\u00e1n a ning\u00fan tercero ajeno a HERMANDAD NUESTRA SE\u00d1ORA DE LA PAZ, salvo<br \/>\nobligaci\u00f3n legal.<\/p>\n<p>Como encargados de tratamiento, tenemos contratados a los siguientes proveedores de servicios, habi\u00e9ndose<br \/>\ncomprometido al cumplimiento de las disposiciones normativas, de aplicaci\u00f3n en materia de protecci\u00f3n de datos, en el<br \/>\nmomento de su contrataci\u00f3n:<\/p>\n<p>\u2022 (ENCARGADO) Don\/Do\u00f1a: ____________________________________________________________,<br \/>\ncon domicilio en _____________________________________________________________________,<br \/>\nNIF\/CIF n\u00ba ______________, presta servicios de ___________________________________________.<br \/>\nPuede consultar la pol\u00edtica de privacidad y dem\u00e1s aspectos legales de la compa\u00f1\u00eda en el siguiente<br \/>\nenlace: ____________________________________________________________________________.<br \/>\n\u2022 (ENCARGADO) Don\/Do\u00f1a: ____________________________________________________________,<br \/>\ncon domicilio en _____________________________________________________________________,<br \/>\nNIF\/CIF n\u00ba ______________, presta servicios de ___________________________________________.<br \/>\nPuede consultar la pol\u00edtica de privacidad y dem\u00e1s aspectos legales de la compa\u00f1\u00eda en el siguiente<br \/>\nenlace: ____________________________________________________________________________.<\/p>\n<h3>Datos recopilados por usuarios de los servicios<\/h3>\n<p>En los casos en que el usuario incluya ficheros con datos de car\u00e1cter personal en los servidores de alojamiento<br \/>\ncompartido, HERMANDAD NUESTRA SE\u00d1ORA DE LA PAZ no se hace responsable del incumplimiento por parte del<br \/>\nusuario del RGPD.<\/p>\n<p>Retenci\u00f3n de datos en conformidad a la LSSI<\/p>\n<p>HERMANDAD NUESTRA SE\u00d1ORA DE LA PAZ informa de que, como prestador de servicio de alojamiento de datos y<br \/>\nen virtud de lo establecido en la Ley 34\/2002 de 11 de julio de Servicios de la Sociedad de la Informaci\u00f3n y de<br \/>\nComercio Electr\u00f3nico (LSSI), retiene por un periodo m\u00e1ximo de 12 meses la informaci\u00f3n imprescindible para identificar<br \/>\nel origen de los datos alojados y el momento en que se inici\u00f3 la prestaci\u00f3n del servicio. La retenci\u00f3n de estos datos no<br \/>\nafecta al secreto de las comunicaciones y s\u00f3lo podr\u00e1n ser utilizados en el marco de una investigaci\u00f3n criminal o para la<br \/>\nsalvaguardia de la seguridad p\u00fablica, poni\u00e9ndose a disposici\u00f3n de los jueces y\/o tribunales o del Ministerio que as\u00ed los<br \/>\nrequiera.<\/p>\n<p>La comunicaci\u00f3n de datos a las Fuerzas y Cuerpos del Estado se har\u00e1 en virtud a lo dispuesto en la normativa sobre<br \/>\nprotecci\u00f3n de datos personales.<\/p>\n<h3>Derechos propiedad intelectual www.nuestrasenoradelapaz.com<\/h3>\n<p>HERMANDAD NUESTRA SE\u00d1ORA DE LA PAZ es titular de todos los derechos de autor, propiedad intelectual,<br \/>\nindustrial, \u00abknow how\u00bb y cuantos otros derechos guardan relaci\u00f3n con los contenidos del sitio web<br \/>\nwww.nuestrasenoradelapaz.com y los servicios ofertados en el mismo, as\u00ed como de los programas necesarios para su<br \/>\nimplementaci\u00f3n y la informaci\u00f3n relacionada.<\/p>\n<p>No se permite la reproducci\u00f3n, publicaci\u00f3n y\/o uso no estrictamente privado de los contenidos, totales o parciales, del<br \/>\nsitio web www.nuestrasenoradelapaz.com sin el consentimiento previo y por escrito.<\/p>\n<h3>Propiedad intelectual del software<\/h3>\n<p>El usuario debe respetar los programas de terceros puestos a su disposici\u00f3n por HERMANDAD NUESTRA SE\u00d1ORA<br \/>\nDE LA PAZ, aun siendo gratuitos y\/o de disposici\u00f3n p\u00fablica.<\/p>\n<p>HERMANDAD NUESTRA SE\u00d1ORA DE LA PAZ dispone de los derechos de explotaci\u00f3n y propiedad intelectual<br \/>\nnecesarios del software.<\/p>\n<p>El usuario no adquiere derecho alguno o licencia por el servicio contratado, sobre el software necesario para la<br \/>\nprestaci\u00f3n del servicio, ni tampoco sobre la informaci\u00f3n t\u00e9cnica de seguimiento del servicio, excepci\u00f3n hecha de los<br \/>\nderechos y licencias necesarios para el cumplimiento de los servicios contratados y \u00fanicamente durante la duraci\u00f3n de<br \/>\nlos mismos.<\/p>\n<p>Para toda actuaci\u00f3n que exceda del cumplimiento del contrato, el usuario necesitar\u00e1 autorizaci\u00f3n por escrito por parte<br \/>\nde HERMANDAD NUESTRA SE\u00d1ORA DE LA PAZ, quedando prohibido al usuario acceder, modificar, visualizar la<br \/>\nconfiguraci\u00f3n, estructura y ficheros de los servidores propiedad de HERMANDAD NUESTRA SE\u00d1ORA DE LA PAZ,<br \/>\nasumiendo la responsabilidad civil y penal derivada de cualquier incidencia que se pudiera producir en los servidores y<br \/>\nsistemas de seguridad como consecuencia directa de una actuaci\u00f3n negligente o maliciosa por su parte.<\/p>\n<h3>Propiedad intelectual de los contenidos alojados<\/h3>\n<p>Se proh\u00edbe el uso contrario a la legislaci\u00f3n sobre propiedad intelectual de los servicios prestados por HERMANDAD<br \/>\nNUESTRA SE\u00d1ORA DE LA PAZ y, en particular de:<\/p>\n<p>\u2022 La utilizaci\u00f3n que resulte contraria a las leyes espa\u00f1olas o que infrinja los derechos de terceros.<br \/>\n\u2022 La publicaci\u00f3n o la transmisi\u00f3n de cualquier contenido que, a juicio de HERMANDAD NUESTRA<br \/>\nSE\u00d1ORA DE LA PAZ, resulte violento, obsceno, abusivo, ilegal, racial, xen\u00f3fobo o difamatorio.<br \/>\n\u2022 Los cracks, n\u00fameros de serie de programas o cualquier otro contenido que vulnere derechos de la<br \/>\npropiedad intelectual de terceros.<br \/>\n\u2022 La recogida y\/o utilizaci\u00f3n de datos personales de otros usuarios sin su consentimiento expreso o<br \/>\ncontraviniendo lo dispuesto en Reglamento (UE) 2016\/679 del Parlamento Europeo y del Consejo, de<br \/>\n27 de abril de 2016, relativo a la protecci\u00f3n de las personas f\u00edsicas en lo que respecta al tratamiento de<br \/>\ndatos personales y a la libre circulaci\u00f3n de los mismos.<br \/>\n\u2022 La utilizaci\u00f3n del servidor de correo del dominio y de las direcciones de correo electr\u00f3nico para el env\u00edo<br \/>\nde correo masivo no deseado.<\/p>\n<p>El usuario tiene toda la responsabilidad sobre el contenido de su web, la informaci\u00f3n transmitida y almacenada, los<br \/>\nenlaces de hipertexto, las reivindicaciones de terceros y las acciones legales en referencia a propiedad intelectual,<br \/>\nderechos de terceros y protecci\u00f3n de menores.<\/p>\n<p>El usuario es responsable respecto a las leyes y reglamentos en vigor y las reglas que tienen que ver con el<br \/>\nfuncionamiento del servicio online, comercio electr\u00f3nico, derechos de autor, mantenimiento del orden p\u00fablico, as\u00ed como<br \/>\nprincipios universales de uso de Internet.<\/p>\n<p>El usuario indemnizar\u00e1 a HERMANDAD NUESTRA SE\u00d1ORA DE LA PAZ por los gastos que generara la imputaci\u00f3n de<br \/>\nla HERMANDAD NUESTRA SE\u00d1ORA DE LA PAZ en alguna causa cuya responsabilidad fuera atribuible al usuario,<br \/>\nincluidos honorarios y gastos de defensa jur\u00eddica, incluso en el caso de una decisi\u00f3n judicial no definitiva.<br \/>\nProtecci\u00f3n de la informaci\u00f3n alojada<\/p>\n<p>HERMANDAD NUESTRA SE\u00d1ORA DE LA PAZ realiza copias de seguridad de los contenidos alojados en sus<br \/>\nservidores, sin embargo no se responsabiliza de la p\u00e9rdida o el borrado accidental de los datos por parte de los<br \/>\nusuarios. De igual manera, no garantiza la reposici\u00f3n total de los datos borrados por los usuarios, ya que los citados<br \/>\ndatos podr\u00edan haber sido suprimidos y\/o modificados durante el periodo del tiempo transcurrido desde la \u00faltima copia de<br \/>\nseguridad.<\/p>\n<p>Los servicios ofertados, excepto los servicios espec\u00edficos de backup, no incluyen la reposici\u00f3n de los contenidos<br \/>\nconservados en las copias de seguridad realizadas por HERMANDAD NUESTRA SE\u00d1ORA DE LA PAZ, cuando esta<br \/>\np\u00e9rdida sea imputable al usuario; en este caso, se determinar\u00e1 una tarifa acorde a la complejidad y volumen de la<br \/>\nrecuperaci\u00f3n, siempre previa aceptaci\u00f3n del usuario.<\/p>\n<p>La reposici\u00f3n de datos borrados s\u00f3lo est\u00e1 incluida en el precio del servicio cuando la p\u00e9rdida del contenido sea debida<br \/>\na causas atribuibles a HERMANDAD NUESTRA SE\u00d1ORA DE LA PAZ.<\/p>\n<h3>Comunicaciones comerciales<\/h3>\n<p>En aplicaci\u00f3n de la LSSI. HERMANDAD NUESTRA SE\u00d1ORA DE LA PAZ no enviar\u00e1 comunicaciones publicitarias o<br \/>\npromocionales por correo electr\u00f3nico u otro medio de comunicaci\u00f3n electr\u00f3nica equivalente que previamente no<br \/>\nhubieran sido solicitadas o expresamente autorizadas por los destinatarios de las mismas.<\/p>\n<p>En el caso de usuarios con los que exista una relaci\u00f3n contractual previa, HERMANDAD NUESTRA SE\u00d1ORA DE LA<br \/>\nPAZ s\u00ed est\u00e1 autorizado al env\u00edo de comunicaciones comerciales referentes a productos o servicios de HERMANDAD<br \/>\nNUESTRA SE\u00d1ORA DE LA PAZ que sean similares a los que inicialmente fueron objeto de contrataci\u00f3n con el cliente.<\/p>\n<p>En todo caso, el usuario, tras acreditar su identidad, podr\u00e1 solicitar que no se le haga llegar m\u00e1s informaci\u00f3n comercial<br \/>\na trav\u00e9s de los canales de Atenci\u00f3n al Cliente.<\/p>\n","protected":false},"excerpt":{"rendered":"<p>POLITICA DE PRIVACIDAD (Descargar) Protecci\u00f3n de datos de car\u00e1cter personal seg\u00fan la LOPD HERMANDAD NUESTRA SE\u00d1ORA DE LA PAZ, en aplicaci\u00f3n de la normativa vigente en materia de protecci\u00f3n de&hellip;<a href=\"http:\/\/www.nuestrasenoradelapaz.com\/?page_id=469\" class=\"more-link\"><span class=\"more-button\">Continue reading<span class=\"screen-reader-text\">Pol\u00edtica de privacidad<\/span><\/span><\/a><\/p>\n","protected":false},"author":1,"featured_media":0,"parent":0,"menu_order":0,"comment_status":"closed","ping_status":"closed","template":"","meta":[],"_links":{"self":[{"href":"http:\/\/www.nuestrasenoradelapaz.com\/index.php?rest_route=\/wp\/v2\/pages\/469"}],"collection":[{"href":"http:\/\/www.nuestrasenoradelapaz.com\/index.php?rest_route=\/wp\/v2\/pages"}],"about":[{"href":"http:\/\/www.nuestrasenoradelapaz.com\/index.php?rest_route=\/wp\/v2\/types\/page"}],"author":[{"embeddable":true,"href":"http:\/\/www.nuestrasenoradelapaz.com\/index.php?rest_route=\/wp\/v2\/users\/1"}],"replies":[{"embeddable":true,"href":"http:\/\/www.nuestrasenoradelapaz.com\/index.php?rest_route=%2Fwp%2Fv2%2Fcomments&post=469"}],"version-history":[{"count":3,"href":"http:\/\/www.nuestrasenoradelapaz.com\/index.php?rest_route=\/wp\/v2\/pages\/469\/revisions"}],"predecessor-version":[{"id":474,"href":"http:\/\/www.nuestrasenoradelapaz.com\/index.php?rest_route=\/wp\/v2\/pages\/469\/revisions\/474"}],"wp:attachment":[{"href":"http:\/\/www.nuestrasenoradelapaz.com\/index.php?rest_route=%2Fwp%2Fv2%2Fmedia&parent=469"}],"curies":[{"name":"wp","href":"https:\/\/api.w.org\/{rel}","templated":true}]}}